{"id":558,"date":"2025-11-03T10:08:00","date_gmt":"2025-11-03T07:08:00","guid":{"rendered":"https:\/\/voryan.com\/?page_id=558"},"modified":"2025-11-05T09:34:09","modified_gmt":"2025-11-05T06:34:09","slug":"about","status":"publish","type":"page","link":"https:\/\/voryan.com\/tr\/about\/","title":{"rendered":"Hakk\u0131m\u0131zda"},"content":{"rendered":"<div data-elementor-type=\"wp-page\" data-elementor-id=\"558\" class=\"elementor elementor-558\" data-elementor-settings=\"{&quot;element_pack_global_tooltip_width&quot;:{&quot;unit&quot;:&quot;px&quot;,&quot;size&quot;:&quot;&quot;,&quot;sizes&quot;:[]},&quot;element_pack_global_tooltip_width_tablet&quot;:{&quot;unit&quot;:&quot;px&quot;,&quot;size&quot;:&quot;&quot;,&quot;sizes&quot;:[]},&quot;element_pack_global_tooltip_width_mobile&quot;:{&quot;unit&quot;:&quot;px&quot;,&quot;size&quot;:&quot;&quot;,&quot;sizes&quot;:[]},&quot;element_pack_global_tooltip_padding&quot;:{&quot;unit&quot;:&quot;px&quot;,&quot;top&quot;:&quot;&quot;,&quot;right&quot;:&quot;&quot;,&quot;bottom&quot;:&quot;&quot;,&quot;left&quot;:&quot;&quot;,&quot;isLinked&quot;:true},&quot;element_pack_global_tooltip_padding_tablet&quot;:{&quot;unit&quot;:&quot;px&quot;,&quot;top&quot;:&quot;&quot;,&quot;right&quot;:&quot;&quot;,&quot;bottom&quot;:&quot;&quot;,&quot;left&quot;:&quot;&quot;,&quot;isLinked&quot;:true},&quot;element_pack_global_tooltip_padding_mobile&quot;:{&quot;unit&quot;:&quot;px&quot;,&quot;top&quot;:&quot;&quot;,&quot;right&quot;:&quot;&quot;,&quot;bottom&quot;:&quot;&quot;,&quot;left&quot;:&quot;&quot;,&quot;isLinked&quot;:true},&quot;element_pack_global_tooltip_border_radius&quot;:{&quot;unit&quot;:&quot;px&quot;,&quot;top&quot;:&quot;&quot;,&quot;right&quot;:&quot;&quot;,&quot;bottom&quot;:&quot;&quot;,&quot;left&quot;:&quot;&quot;,&quot;isLinked&quot;:true},&quot;element_pack_global_tooltip_border_radius_tablet&quot;:{&quot;unit&quot;:&quot;px&quot;,&quot;top&quot;:&quot;&quot;,&quot;right&quot;:&quot;&quot;,&quot;bottom&quot;:&quot;&quot;,&quot;left&quot;:&quot;&quot;,&quot;isLinked&quot;:true},&quot;element_pack_global_tooltip_border_radius_mobile&quot;:{&quot;unit&quot;:&quot;px&quot;,&quot;top&quot;:&quot;&quot;,&quot;right&quot;:&quot;&quot;,&quot;bottom&quot;:&quot;&quot;,&quot;left&quot;:&quot;&quot;,&quot;isLinked&quot;:true}}\" data-elementor-post-type=\"page\">\n\t\t\t\t<div class=\"elementor-element elementor-element-d07b870 e-flex e-con-boxed e-con e-parent\" data-id=\"d07b870\" data-element_type=\"container\" data-settings=\"{&quot;background_background&quot;:&quot;classic&quot;}\">\n\t\t\t\t\t<div class=\"e-con-inner\">\n\t\t\t\t<div class=\"elementor-element elementor-element-8e711a6 elementor-widget-tablet__width-initial elementor-widget-mobile__width-initial elementor-widget elementor-widget-heading\" data-id=\"8e711a6\" data-element_type=\"widget\" data-widget_type=\"heading.default\">\n\t\t\t\t\t<h1 class=\"elementor-heading-title elementor-size-default\">Vizyonla y\u00f6nlendirilir. M\u00fchendislikle desteklenir.<\/h1>\t\t\t\t<\/div>\n\t\t\t\t<div class=\"elementor-element elementor-element-f476592 elementor-widget__width-initial elementor-widget elementor-widget-text-editor\" data-id=\"f476592\" data-element_type=\"widget\" data-widget_type=\"text-editor.default\">\n\t\t\t\t\t\t\t\t\t<p>Biz, fikirleri g\u00fcvenilir, ba\u011flant\u0131l\u0131 \u00fcr\u00fcnlere d\u00f6n\u00fc\u015ft\u00fcren bir m\u00fchendis ekibiyiz. Voyage ve Orion'da k\u00f6kleri bulunan ekibimiz, ama\u00e7, hassasiyet ve netlikle ilerlemektedir.<\/p>\t\t\t\t\t\t\t\t<\/div>\n\t\t<div class=\"elementor-element elementor-element-7e94365 e-con-full e-flex e-con e-child\" data-id=\"7e94365\" data-element_type=\"container\" data-settings=\"{&quot;background_background&quot;:&quot;classic&quot;}\">\n\t\t\t\t<div class=\"elementor-element elementor-element-51446aa bdt-backdrop-filter-yes elementor-widget__width-initial bdt-icon-type-icon elementor-position-top bdt-icon-effect-none bdt-filter-backdrop elementor-widget elementor-widget-bdt-advanced-icon-box\" data-id=\"51446aa\" data-element_type=\"widget\" data-widget_type=\"bdt-advanced-icon-box.default\">\n\t\t\t\t\t\t\t<div class=\"bdt-ep-advanced-icon-box\">\n\n\t\t\t\t\t\t\t\n\t\t\t\t\t<div class=\"bdt-ep-advanced-icon-box-icon\">\n\t\t\t\t<span class=\"bdt-ep-advanced-icon-box-icon-wrap\">\n\n\n\t\t\t\t\t\n\t\t\t\t\t\t<svg xmlns=\"http:\/\/www.w3.org\/2000\/svg\" id=\"Capa_1\" height=\"512\" viewbox=\"0 0 512 512\" width=\"512\"><g><path d=\"m402 426c-16.753 0-31.124 10.356-37.071 25h-34.929v30h34.929c5.947 14.644 20.318 25 37.071 25 22.056 0 40-17.944 40-40s-17.944-40-40-40z\"><\/path><path d=\"m472 341c-6.575 0-12.778 1.604-18.256 4.427l-37.141-30.951c-2.696-2.246-6.094-3.476-9.603-3.476h-77v30h71.569l32.565 27.138c-1.376 4.039-2.134 8.362-2.134 12.862 0 22.056 17.944 40 40 40s40-17.944 40-40-17.944-40-40-40z\"><\/path><path d=\"m472 216c-16.753 0-31.124 10.356-37.071 25h-104.929v30h104.929c5.947 14.644 20.318 25 37.071 25 22.056 0 40-17.944 40-40s-17.944-40-40-40z\"><\/path><path d=\"m416.603 197.523 37.141-30.951c5.478 2.824 11.681 4.428 18.256 4.428 22.056 0 40-17.944 40-40s-17.944-40-40-40-40 17.944-40 40c0 4.5.758 8.823 2.134 12.862l-32.565 27.138h-71.569v30h77c3.509 0 6.907-1.23 9.603-3.477z\"><\/path><path d=\"m402 86c22.056 0 40-17.944 40-40s-17.944-40-40-40c-16.753 0-31.124 10.356-37.071 25h-34.929v30h34.929c5.947 14.644 20.318 25 37.071 25z\"><\/path><path d=\"m150 256c0 57.897 47.103 105 105 105 16.095 0 31.353-3.645 45-10.145v-189.71c-13.647-6.5-28.905-10.145-45-10.145-57.897 0-105 47.103-105 105z\"><\/path><path d=\"m285 1h-60c-8.284 0-15 6.716-15 15v19.525c-28.147 5.734-55.083 16.893-79.076 32.759l-13.81-13.809c-5.858-5.858-15.355-5.858-21.213 0l-42.426 42.426c-5.858 5.857-5.858 15.355 0 21.213l13.809 13.81c-15.866 23.993-27.025 50.929-32.759 79.076h-19.525c-8.284 0-15 6.716-15 15v60c0 8.284 6.716 15 15 15h19.525c5.734 28.147 16.893 55.083 32.759 79.077l-13.81 13.81c-2.813 2.813-4.393 6.628-4.393 10.606 0 3.978 1.58 7.792 4.393 10.605l42.427 42.427c5.858 5.858 15.355 5.858 21.213 0l13.81-13.809c23.993 15.866 50.929 27.024 79.076 32.759v19.525c0 8.284 6.716 15 15 15h60c8.284 0 15-6.716 15-15v-112.722c-14.082 4.994-29.227 7.722-45 7.722-74.439 0-135-60.561-135-135s60.561-135 135-135c15.773 0 30.918 2.728 45 7.722v-112.722c0-8.284-6.716-15-15-15z\"><\/path><\/g><\/svg>\n\n\t\t\t\t\t\t\t\t\t<\/span>\n\t\t\t<\/div>\n\t\t\n\t\t\t\t\n\t\t\t<div class=\"bdt-ep-advanced-icon-box-content\">\n\n\t\t\t\t\t\t\t\t\t\n\t\t\t\t\t<h2 class=\"bdt-ep-advanced-icon-box-title ep-title-\">\n\t\t\t\t<span >\n\t\t\t\t\tD\u00fcr\u00fcstl\u00fckle M\u00fchendislik\t\t\t\t<\/span>\n\t\t\t<\/h2>\n\t\t\n\n\t\t\n\t\t\t\t\t\n\t\t\t\t\n\t\t\t\t\t\t\t\t\t<div class=\"bdt-ep-advanced-icon-box-description\">\n\t\t\t\t\t\t<p>Her ad\u0131mda kod incelemeleri, g\u00fcvenlik ve hesap verebilirlik \u00fczerine kurulu, y\u00f6netilen, y\u00fcksek kaliteli m\u00fchendislik hizmetleri sunuyoruz.<\/p>\t\t\t\t\t<\/div>\n\t\t\t\t\n\t\t\t\t\t\t\t<\/div>\n\t\t<\/div>\n\n\t\t\n\t\t\n\t\t\t\t<\/div>\n\t\t\t\t<div class=\"elementor-element elementor-element-9f02e16 bdt-backdrop-filter-yes elementor-widget__width-initial bdt-icon-type-icon elementor-position-top bdt-icon-effect-none bdt-filter-backdrop elementor-widget elementor-widget-bdt-advanced-icon-box\" data-id=\"9f02e16\" data-element_type=\"widget\" data-widget_type=\"bdt-advanced-icon-box.default\">\n\t\t\t\t\t\t\t<div class=\"bdt-ep-advanced-icon-box\">\n\n\t\t\t\t\t\t\t\n\t\t\t\t\t<div class=\"bdt-ep-advanced-icon-box-icon\">\n\t\t\t\t<span class=\"bdt-ep-advanced-icon-box-icon-wrap\">\n\n\n\t\t\t\t\t\n\t\t\t\t\t\t<svg xmlns=\"http:\/\/www.w3.org\/2000\/svg\" id=\"Layer_1\" height=\"512\" viewbox=\"0 0 64 64\" width=\"512\"><path d=\"m63.11 34.56c-.99-1.53-2.67-2.44-4.5-2.44-1.03 0-2.04.3-2.91.86-2.26 1.47-3.04 4.36-1.94 6.74l-6.17 4.19c-1.29-1.82-3.04-3.3-5.09-4.24l5.15-14.64c1.08.31 2.22.47 3.39.47 2.84 0 5.48-.93 7.6-2.52.05-.04.09-.07.13-.11 3.04-2.33 5.01-5.99 5.01-10.13 0-7.02-5.72-12.74-12.74-12.74-5.29 0-9.84 3.23-11.77 7.83l-3.45-1.44c.21-1.14.04-2.31-.51-3.36-.64-1.27-1.75-2.2-3.1-2.64-.53-.18-1.09-.26-1.64-.26-.83 0-1.67.2-2.43.58-1.27.65-2.2 1.75-2.64 3.11s-.32 2.79.33 4.06 1.75 2.21 3.11 2.65c.53.17 1.08.26 1.63.26.84 0 1.67-.21 2.43-.59 1.01-.52 1.81-1.33 2.32-2.32l3.44 1.43c-.32 1.09-.48 2.24-.48 3.43 0 1.5.26 2.93.73 4.26l-11.86 5.17c-2.1-4.15-6.41-7-11.37-7-1.63 0-3.21.31-4.65.88l-2.92-5.99c.97-.58 1.72-1.47 2.16-2.55.55-1.33.54-2.79-.01-4.12-.82-2.01-2.78-3.31-4.96-3.31-.71 0-1.41.14-2.07.42-2.75 1.13-4.05 4.3-2.9 7.04.55 1.33 1.59 2.37 2.92 2.91.65.27 1.35.41 2.05.41.46 0 .92-.06 1.37-.18l2.94 6.02c-3.97 2.17-6.68 6.38-6.68 11.2 0 4.12 1.97 7.8 5.02 10.13.04.04.09.08.14.11 2.12 1.58 4.75 2.51 7.59 2.51 2.83 0 5.46-.93 7.58-2.51.06-.03.11-.07.16-.12.17-.13.33-.26.48-.4l3.95 4.85c-2.17 2.29-3.51 5.38-3.51 8.78 0 .81.08 1.6.23 2.38l-4.83 1.06c-.76-2.09-2.76-3.54-5.04-3.54-.35 0-.7.03-1.05.1-1.4.28-2.61 1.09-3.41 2.29-.79 1.19-1.08 2.62-.8 4.01.51 2.51 2.71 4.32 5.26 4.32.36 0 .7-.04 1.05-.11 1.4-.28 2.62-1.09 3.41-2.28.65-.97.96-2.11.89-3.26l4.91-1.07c.8 2.5 2.36 4.66 4.39 6.21 0 0 0 0 .01.01.06.04.12.09.18.13 2.12 1.57 4.73 2.49 7.55 2.49 2.83 0 5.46-.93 7.58-2.51.06-.03.11-.07.16-.12 3.04-2.33 5-5.99 5-10.12 0-2.17-.54-4.22-1.51-6.01l6.2-4.21c1.01 1.14 2.45 1.8 4.01 1.8 1.03 0 2.04-.31 2.91-.87 1.2-.77 2.02-1.98 2.32-3.38.31-1.39.04-2.82-.75-4.01zm-22.41 19.57c.99-.93 1.6-2.25 1.6-3.71 0-2.81-2.3-5.11-5.11-5.11-2.82 0-5.11 2.3-5.11 5.11 0 1.46.61 2.77 1.6 3.71-2.47.83-3.91 2.54-4.32 5.07-1.4-1.37-2.44-3.11-2.96-5.05 0-.03-.01-.06-.01-.08-.01-.05-.02-.09-.04-.13-.01-.01-.01-.02-.01-.03-.21-.85-.32-1.74-.32-2.66 0-6.16 5.01-11.18 11.18-11.18 1.43 0 2.8.27 4.06.76 0 0 .01.01.01.01h.01c2.28.9 4.19 2.53 5.46 4.59.01.01.02.02.02.03 1.02 1.68 1.61 3.67 1.61 5.79 0 3.11-1.28 5.92-3.34 7.96-.4-2.54-1.86-4.25-4.33-5.08zm-29.6-36.37c1.43-.66 3.01-1.03 4.69-1.03 4.6 0 8.55 2.79 10.27 6.76v.02c0 .01.01.01.01.02.58 1.35.9 2.83.9 4.38 0 3.11-1.28 5.92-3.34 7.96-.4-2.54-1.85-4.24-4.33-5.08.99-.92 1.6-2.24 1.6-3.7 0-2.82-2.3-5.11-5.11-5.11-2.82 0-5.11 2.29-5.11 5.11 0 1.46.61 2.77 1.6 3.71-2.47.83-3.91 2.53-4.32 5.06-2.06-2.02-3.34-4.83-3.34-7.95-.01-4.49 2.66-8.37 6.48-10.15zm39.94-16.19c6.15 0 11.17 5.01 11.17 11.18 0 3.1-1.28 5.92-3.33 7.95-.41-2.54-1.86-4.23-4.33-5.06.99-.93 1.6-2.25 1.6-3.71 0-2.82-2.3-5.11-5.11-5.11-2.82 0-5.11 2.29-5.11 5.11 0 1.46.61 2.77 1.6 3.71-2.47.83-3.91 2.53-4.32 5.06-1.04-1.01-1.88-2.23-2.46-3.59v-.01c-.56-1.34-.88-2.8-.88-4.35 0-1.25.21-2.45.58-3.57.02-.05.03-.1.05-.15 1.53-4.34 5.68-7.46 10.54-7.46zm-25.89 34.97c2.1-2.27 3.38-5.3 3.38-8.63 0-1.51-.26-2.95-.74-4.29 0 0 0 0 0-.01l11.85-5.17c.87 1.74 2.14 3.26 3.68 4.42.03.04.08.07.12.11.84.62 1.75 1.15 2.73 1.55l-5.14 14.58c-1.22-.39-2.51-.59-3.84-.59-3.06 0-5.87 1.09-8.08 2.89z\"><\/path><\/svg>\n\n\t\t\t\t\t\t\t\t\t<\/span>\n\t\t\t<\/div>\n\t\t\n\t\t\t\t\n\t\t\t<div class=\"bdt-ep-advanced-icon-box-content\">\n\n\t\t\t\t\t\t\t\t\t\n\t\t\t\t\t<h2 class=\"bdt-ep-advanced-icon-box-title ep-title-\">\n\t\t\t\t<span >\n\t\t\t\t\tTasar\u0131mla \u0130\u015fbirli\u011fi\t\t\t\t<\/span>\n\t\t\t<\/h2>\n\t\t\n\n\t\t\n\t\t\t\t\t\n\t\t\t\t\n\t\t\t\t\t\t\t\t\t<div class=\"bdt-ep-advanced-icon-box-description\">\n\t\t\t\t\t\t<p>Ekiplerimiz, \u0130zmir Teknopark ve Hollanda'da sorunsuz bir \u015fekilde \u00e7al\u0131\u015farak, yak\u0131n ortakl\u0131klar arac\u0131l\u0131\u011f\u0131yla i\u00e7g\u00f6r\u00fc ve yenili\u011fi bir araya getiriyor.<\/p>\t\t\t\t\t<\/div>\n\t\t\t\t\n\t\t\t\t\t\t\t<\/div>\n\t\t<\/div>\n\n\t\t\n\t\t\n\t\t\t\t<\/div>\n\t\t\t\t<div class=\"elementor-element elementor-element-8bf9788 bdt-backdrop-filter-yes elementor-widget__width-initial bdt-icon-type-icon elementor-position-top bdt-icon-effect-none bdt-filter-backdrop elementor-widget elementor-widget-bdt-advanced-icon-box\" data-id=\"8bf9788\" data-element_type=\"widget\" data-widget_type=\"bdt-advanced-icon-box.default\">\n\t\t\t\t\t\t\t<div class=\"bdt-ep-advanced-icon-box\">\n\n\t\t\t\t\t\t\t\n\t\t\t\t\t<div class=\"bdt-ep-advanced-icon-box-icon\">\n\t\t\t\t<span class=\"bdt-ep-advanced-icon-box-icon-wrap\">\n\n\n\t\t\t\t\t\n\t\t\t\t\t\t<svg xmlns=\"http:\/\/www.w3.org\/2000\/svg\" xmlns:xlink=\"http:\/\/www.w3.org\/1999\/xlink\" id=\"Capa_1\" x=\"0px\" y=\"0px\" viewbox=\"0 0 512 512\" style=\"enable-background:new 0 0 512 512;\" xml:space=\"preserve\"><g>\t<g>\t\t<path d=\"M441.95,91.701l-22.925-22.925V0l-71.323,73.871l-5.094,58.587l-73.871,73.871c-5.095,0-7.642,0-12.736,0   c-28.02,0-50.945,22.925-50.945,50.945c0,28.02,22.925,50.945,50.945,50.945s50.945-22.925,50.945-50.945   c0-5.094,0-7.642-2.547-12.736l73.871-73.871l58.587-5.095l73.871-73.871H441.95z\"><\/path>\t<\/g><\/g><g>\t<g>\t\t<path d=\"M393.552,193.592h-2.547l-35.662,38.209c2.547,7.642,2.547,17.831,2.547,25.473c0,56.04-45.851,101.891-101.891,101.891   s-101.891-45.851-101.891-101.891S199.96,155.383,256,155.383c10.189,0,17.831,2.547,25.473,2.547l38.209-38.209v-2.547   c-20.378-7.642-40.756-12.736-63.682-12.736c-84.06,0-152.836,68.776-152.836,152.836S171.94,410.109,256,410.109   s152.836-68.776,152.836-152.836C408.836,234.348,403.741,213.97,393.552,193.592z\"><\/path>\t<\/g><\/g><g>\t<g>\t\t<path d=\"M487.801,152.836l-38.209,35.662c5.095,20.378,10.189,43.304,10.189,68.776c0,112.08-91.701,203.781-203.781,203.781   S52.219,369.353,52.219,257.274S143.92,53.493,256,53.493c22.925,0,45.851,5.095,68.776,12.736v-2.547l38.209-38.209   C329.871,10.189,294.209,2.547,256,2.547C115.9,2.547,1.274,117.174,1.274,257.274S115.9,512,256,512   s254.726-114.627,254.726-254.726C510.726,219.065,503.085,183.403,487.801,152.836z\"><\/path>\t<\/g><\/g><g><\/g><g><\/g><g><\/g><g><\/g><g><\/g><g><\/g><g><\/g><g><\/g><g><\/g><g><\/g><g><\/g><g><\/g><g><\/g><g><\/g><g><\/g><\/svg>\n\n\t\t\t\t\t\t\t\t\t<\/span>\n\t\t\t<\/div>\n\t\t\n\t\t\t\t\n\t\t\t<div class=\"bdt-ep-advanced-icon-box-content\">\n\n\t\t\t\t\t\t\t\t\t\n\t\t\t\t\t<h2 class=\"bdt-ep-advanced-icon-box-title ep-title-\">\n\t\t\t\t<span >\n\t\t\t\t\tHer Projenin Amac\u0131\t\t\t\t<\/span>\n\t\t\t<\/h2>\n\t\t\n\n\t\t\n\t\t\t\t\t\n\t\t\t\t\n\t\t\t\t\t\t\t\t\t<div class=\"bdt-ep-advanced-icon-box-description\">\n\t\t\t\t\t\t<p>Tasar\u0131m\u0131n\u0131 yapt\u0131\u011f\u0131m\u0131z her sistem, ger\u00e7ek d\u00fcnyadaki zorluklar\u0131 \u00f6l\u00e7\u00fclebilir sonu\u00e7lara d\u00f6n\u00fc\u015ft\u00fcrmek gibi net bir amaca hizmet eder.<\/p>\t\t\t\t\t<\/div>\n\t\t\t\t\n\t\t\t\t\t\t\t<\/div>\n\t\t<\/div>\n\n\t\t\n\t\t\n\t\t\t\t<\/div>\n\t\t\t\t<\/div>\n\t\t\t\t\t<\/div>\n\t\t\t\t<\/div>\n\t\t<div class=\"elementor-element elementor-element-f8ce2b9 e-flex e-con-boxed e-con e-parent\" data-id=\"f8ce2b9\" data-element_type=\"container\" data-settings=\"{&quot;background_background&quot;:&quot;classic&quot;}\">\n\t\t\t\t\t<div class=\"e-con-inner\">\n\t\t\t\t<div class=\"elementor-element elementor-element-4be2272 elementor-widget elementor-widget-heading\" data-id=\"4be2272\" data-element_type=\"widget\" data-widget_type=\"heading.default\">\n\t\t\t\t\t<div class=\"elementor-heading-title elementor-size-default\">Neden Daha \u0130yiyiz?<\/div>\t\t\t\t<\/div>\n\t\t<div class=\"elementor-element elementor-element-b5044da e-con-full bdt-backdrop-filter-yes e-flex bdt-filter-backdrop e-con e-child\" data-id=\"b5044da\" data-element_type=\"container\">\n\t\t\t\t<div class=\"elementor-element elementor-element-f221f8b elementor-widget-mobile__width-initial elementor-widget elementor-widget-heading\" data-id=\"f221f8b\" data-element_type=\"widget\" data-widget_type=\"heading.default\">\n\t\t\t\t\t<h2 class=\"elementor-heading-title elementor-size-default\">Hassasiyetin G\u00fcvenle Bulu\u015ftu\u011fu Yer<\/h2>\t\t\t\t<\/div>\n\t\t\t\t<div class=\"elementor-element elementor-element-01aaddb elementor-widget elementor-widget-text-editor\" data-id=\"01aaddb\" data-element_type=\"widget\" data-widget_type=\"text-editor.default\">\n\t\t\t\t\t\t\t\t\t<p>M\u00fchendisli\u011fimiz koddan daha fazlas\u0131d\u0131r d\u00fcr\u00fcstl\u00fck, \u015feffafl\u0131k ve g\u00fcvenlik \u00fczerine kurulu, denetime tabi bir s\u00fcre\u00e7tir. Teslim etti\u011fimiz her proje, do\u011frulanm\u0131\u015f kalite, AB uyumlu veri koruma ve u\u00e7tan uca sahiplik ilkelerine dayanmaktad\u0131r.<\/p>\t\t\t\t\t\t\t\t<\/div>\n\t\t\t\t<\/div>\n\t\t\t\t\t<\/div>\n\t\t\t\t<\/div>\n\t\t<div class=\"elementor-element elementor-element-288f221 e-flex e-con-boxed e-con e-parent\" data-id=\"288f221\" data-element_type=\"container\" data-settings=\"{&quot;background_background&quot;:&quot;classic&quot;}\">\n\t\t\t\t\t<div class=\"e-con-inner\">\n\t\t\t\t<div class=\"elementor-element elementor-element-9756d17 elementor-widget elementor-widget-heading\" data-id=\"9756d17\" data-element_type=\"widget\" data-widget_type=\"heading.default\">\n\t\t\t\t\t<div class=\"elementor-heading-title elementor-size-default\">Ekip<\/div>\t\t\t\t<\/div>\n\t\t\t\t<div class=\"elementor-element elementor-element-cdbfcac elementor-widget-mobile__width-initial elementor-widget elementor-widget-heading\" data-id=\"cdbfcac\" data-element_type=\"widget\" data-widget_type=\"heading.default\">\n\t\t\t\t\t<h2 class=\"elementor-heading-title elementor-size-default\">Onlarca y\u0131ll\u0131k deneyim. Tek bir net hedef.<\/h2>\t\t\t\t<\/div>\n\t\t<div class=\"elementor-element elementor-element-f50e082 e-con-full e-flex e-con e-child\" data-id=\"f50e082\" data-element_type=\"container\">\n\t\t\t\t<div class=\"elementor-element elementor-element-8e45486 elementor-widget__width-initial elementor-widget elementor-widget-bdt-member\" data-id=\"8e45486\" data-element_type=\"widget\" data-widget_type=\"bdt-member.bdt-calm\">\n\t\t\t\t\t\t\t<div class=\"bdt-member skin-calm bdt-transition-toggle bdt-inline\">\n\t\t\t\n\t\t\t\t<div class=\"bdt-member-photo-wrapper\">\n\n\t\t\t\t\t\n\t\t\t\t\t<div class=\"bdt-member-photo\">\n\t\t\t\t\t\t<div class=\"\">\n\t\t\t\t\t\t\t<img decoding=\"async\" src=\"https:\/\/voryan.com\/wp-content\/uploads\/2025\/11\/WhatsApp-Gorsel-2025-11-05-saat-09.18.25_1da84bdf-copy.webp\" title=\"WhatsApp G\u00f6rsel 2025-11-05 saat 09.18.25_1da84bdf copy\" alt=\"WhatsApp G\u00f6rsel 2025-11-05 saat 09.18.25_1da84bdf copy\" loading=\"lazy\" \/>\t\t\t\t\t\t<\/div>\n\t\t\t\t\t<\/div>\n\n\t\t\t\t<\/div>\n\n\t\t\t\n\t\t\t<div class=\"bdt-member-overlay bdt-overlay bdt-position-bottom bdt-text-center bdt-position-z-index\">\n\t\t\t\t<div class=\"bdt-member-desc\">\n\t\t\t\t\t<div class=\"bdt-member-content bdt-transition-slide-bottom-small\">\n\t\t\t\t\t\t\t\t\t\t\t\t\t<span class=\"bdt-member-name\">\n\t\t\t\t\t\t\t\t\u0130smail ARSLAN\t\t\t\t\t\t\t<\/span>\n\t\t\t\t\t\t\n\t\t\t\t\t\t\t\t\t\t\t\t\t<span class=\"bdt-member-role\">\n\t\t\t\t\t\t\t\tCEO\t\t\t\t\t\t\t<\/span>\n\t\t\t\t\t\t\t\t\t\t\t<\/div>\n\n\t\t\t\t\t\n\t\t\t\t<\/div>\n\t\t\t<\/div>\n\t\t<\/div>\n\t\t\t\t\t\t<\/div>\n\t\t\t\t<div class=\"elementor-element elementor-element-f80c63f elementor-widget__width-initial elementor-widget elementor-widget-bdt-member\" data-id=\"f80c63f\" data-element_type=\"widget\" data-widget_type=\"bdt-member.bdt-calm\">\n\t\t\t\t\t\t\t<div class=\"bdt-member skin-calm bdt-transition-toggle bdt-inline\">\n\t\t\t\n\t\t\t\t<div class=\"bdt-member-photo-wrapper\">\n\n\t\t\t\t\t\n\t\t\t\t\t<div class=\"bdt-member-photo\">\n\t\t\t\t\t\t<div class=\"\">\n\t\t\t\t\t\t\t<img decoding=\"async\" src=\"https:\/\/voryan.com\/wp-content\/uploads\/2025\/11\/02.webp\" title=\"02\" alt=\"02\" loading=\"lazy\" \/>\t\t\t\t\t\t<\/div>\n\t\t\t\t\t<\/div>\n\n\t\t\t\t<\/div>\n\n\t\t\t\n\t\t\t<div class=\"bdt-member-overlay bdt-overlay bdt-position-bottom bdt-text-center bdt-position-z-index\">\n\t\t\t\t<div class=\"bdt-member-desc\">\n\t\t\t\t\t<div class=\"bdt-member-content bdt-transition-slide-bottom-small\">\n\t\t\t\t\t\t\n\t\t\t\t\t\t\t\t\t\t\t\t\t<span class=\"bdt-member-role\">\n\t\t\t\t\t\t\t\tCTO\t\t\t\t\t\t\t<\/span>\n\t\t\t\t\t\t\t\t\t\t\t<\/div>\n\n\t\t\t\t\t\n\t\t\t\t<\/div>\n\t\t\t<\/div>\n\t\t<\/div>\n\t\t\t\t\t\t<\/div>\n\t\t\t\t<\/div>\n\t\t\t\t\t<\/div>\n\t\t\t\t<\/div>\n\t\t<div class=\"elementor-element elementor-element-b70ef59 e-flex e-con-boxed e-con e-parent\" data-id=\"b70ef59\" data-element_type=\"container\" data-settings=\"{&quot;background_background&quot;:&quot;classic&quot;}\">\n\t\t\t\t\t<div class=\"e-con-inner\">\n\t\t<div class=\"elementor-element elementor-element-b6cca33 e-con-full e-flex e-con e-child\" data-id=\"b6cca33\" data-element_type=\"container\">\n\t\t\t\t<div class=\"elementor-element elementor-element-b14cca4 elementor-widget elementor-widget-heading\" data-id=\"b14cca4\" data-element_type=\"widget\" data-widget_type=\"heading.default\">\n\t\t\t\t\t<div class=\"elementor-heading-title elementor-size-default\">Marka Hikayesi<\/div>\t\t\t\t<\/div>\n\t\t\t\t<div class=\"elementor-element elementor-element-5beda0a elementor-widget elementor-widget-heading\" data-id=\"5beda0a\" data-element_type=\"widget\" data-widget_type=\"heading.default\">\n\t\t\t\t\t<h2 class=\"elementor-heading-title elementor-size-default\">Netlikle Y\u00f6nlendirilen Bir Yolculuk<\/h2>\t\t\t\t<\/div>\n\t\t\t\t<div class=\"elementor-element elementor-element-0bd0a60 elementor-widget elementor-widget-text-editor\" data-id=\"0bd0a60\" data-element_type=\"widget\" data-widget_type=\"text-editor.default\">\n\t\t\t\t\t\t\t\t\t<p>Voyage ve Orion'dan do\u011fan Voryan, ke\u015fif, y\u00f6n ve g\u00fcvenilirli\u011fi temsil eder. Amac\u0131m\u0131z do\u011frultusunda ilerliyor ve yenili\u011fi anlaml\u0131 bir ilerlemeye d\u00f6n\u00fc\u015ft\u00fcr\u00fcyoruz.<\/p>\t\t\t\t\t\t\t\t<\/div>\n\t\t\t\t<\/div>\n\t\t<div class=\"elementor-element elementor-element-46628e8 e-con-full e-flex e-con e-child\" data-id=\"46628e8\" data-element_type=\"container\">\n\t\t\t\t<div class=\"elementor-element elementor-element-58341c2 elementor-widget elementor-widget-image\" data-id=\"58341c2\" data-element_type=\"widget\" data-widget_type=\"image.default\">\n\t\t\t\t\t\t\t\t\t\t\t\t\t\t\t<img fetchpriority=\"high\" decoding=\"async\" width=\"570\" height=\"380\" src=\"https:\/\/voryan.com\/wp-content\/uploads\/2025\/11\/logo.webp\" class=\"attachment-large size-large wp-image-576\" alt=\"\" srcset=\"https:\/\/voryan.com\/wp-content\/uploads\/2025\/11\/logo.webp 570w, https:\/\/voryan.com\/wp-content\/uploads\/2025\/11\/logo-300x200.webp 300w\" sizes=\"(max-width: 570px) 100vw, 570px\" \/>\t\t\t\t\t\t\t\t\t\t\t\t\t\t\t<\/div>\n\t\t\t\t<\/div>\n\t\t\t\t\t<\/div>\n\t\t\t\t<\/div>\n\t\t\t\t<\/div>","protected":false},"excerpt":{"rendered":"<p>Guided by Vision. Driven by Engineering. We are a team of engineers turning ideas into reliable, connected products. With roots in Voyage and Orion, we move forward with purpose, precision, and clarity. Engineering with Integrity We deliver governed, high-quality engineering \u2014 built on code reviews, security, and accountability at every step. Collaborative by Design Our [&hellip;]<\/p>","protected":false},"author":1,"featured_media":0,"parent":0,"menu_order":0,"comment_status":"closed","ping_status":"closed","template":"","meta":{"footnotes":""},"class_list":["post-558","page","type-page","status-publish","hentry"],"_hostinger_reach_plugin_has_subscription_block":false,"_hostinger_reach_plugin_is_elementor":false,"_links":{"self":[{"href":"https:\/\/voryan.com\/tr\/wp-json\/wp\/v2\/pages\/558","targetHints":{"allow":["GET"]}}],"collection":[{"href":"https:\/\/voryan.com\/tr\/wp-json\/wp\/v2\/pages"}],"about":[{"href":"https:\/\/voryan.com\/tr\/wp-json\/wp\/v2\/types\/page"}],"author":[{"embeddable":true,"href":"https:\/\/voryan.com\/tr\/wp-json\/wp\/v2\/users\/1"}],"replies":[{"embeddable":true,"href":"https:\/\/voryan.com\/tr\/wp-json\/wp\/v2\/comments?post=558"}],"version-history":[{"count":32,"href":"https:\/\/voryan.com\/tr\/wp-json\/wp\/v2\/pages\/558\/revisions"}],"predecessor-version":[{"id":1288,"href":"https:\/\/voryan.com\/tr\/wp-json\/wp\/v2\/pages\/558\/revisions\/1288"}],"wp:attachment":[{"href":"https:\/\/voryan.com\/tr\/wp-json\/wp\/v2\/media?parent=558"}],"curies":[{"name":"wp","href":"https:\/\/api.w.org\/{rel}","templated":true}]}}